{"id":996,"date":"2026-03-02T17:25:33","date_gmt":"2026-03-02T14:25:33","guid":{"rendered":"https:\/\/404.com.tr\/?post_type=product&#038;p=996"},"modified":"2026-04-01T13:50:21","modified_gmt":"2026-04-01T10:50:21","slug":"yagli-kontak-spreyi-400ml","status":"publish","type":"product","link":"https:\/\/404.com.tr\/en\/product\/yagli-kontak-spreyi-400ml\/","title":{"rendered":"Ya\u011fl\u0131 Kontak Spreyi &#8211; 400ml"},"content":{"rendered":"<table border=\"1\" width=\"100%\" cellspacing=\"0\" cellpadding=\"8\">\n<tbody>\n<tr>\n<td><strong>\u00dcr\u00fcn Tipi \/ Kimyasal Baz<\/strong><\/td>\n<td>Aerosol \/ Solvent \/ White Oil<\/td>\n<\/tr>\n<tr>\n<td><strong>G\u00f6r\u00fcn\u00fcm (Renk)<\/strong><\/td>\n<td>Berrak, amber rengi aerosol<\/td>\n<\/tr>\n<tr>\n<td><strong>Yo\u011funluk (20 \u00b0C\u00b11)<\/strong><\/td>\n<td>~ 0,70 \u2013 0,80 g\/ml<\/td>\n<\/tr>\n<tr>\n<td><strong>Koku<\/strong><\/td>\n<td>Solvent<\/td>\n<\/tr>\n<tr>\n<td><strong>Suda \u00c7\u00f6z\u00fcnme<\/strong><\/td>\n<td>Suda \u00c7\u00f6z\u00fcnmez<\/td>\n<\/tr>\n<tr>\n<td><strong>Uygulama S\u0131cakl\u0131\u011f\u0131<\/strong><\/td>\n<td>5-30 \u00b0C<\/td>\n<\/tr>\n<tr>\n<td><strong>\u0130tici Gaz<\/strong><\/td>\n<td>LPG<\/td>\n<\/tr>\n<tr>\n<td><strong>Bas\u0131n\u00e7 (20 \u00b0C\u00b11)<\/strong><\/td>\n<td>4 \u2013 6 bar<\/td>\n<\/tr>\n<tr>\n<td><strong>Br\u00fct A\u011f\u0131rl\u0131k (400 ml)<\/strong><\/td>\n<td>310 g \u00b1 5 gram<\/td>\n<\/tr>\n<tr>\n<td><strong>Br\u00fct A\u011f\u0131rl\u0131k (200 ml)<\/strong><\/td>\n<td>165 g \u00b1 5 gram<\/td>\n<\/tr>\n<\/tbody>\n<\/table>\n<table border=\"1\" width=\"100%\" cellspacing=\"0\" cellpadding=\"8\">\n<tbody>\n<tr>\n<th>\u00dcr\u00fcn<\/th>\n<th>Net Hacim<\/th>\n<th>Koli \u0130\u00e7i Adet<\/th>\n<th>Koli \/ Palet<\/th>\n<\/tr>\n<tr>\n<td>404 Ya\u011fl\u0131 Kontak Sprey<\/td>\n<td>400 ml<\/td>\n<td>25<\/td>\n<td>63<\/td>\n<\/tr>\n<tr>\n<td>404 Ya\u011fl\u0131 Kontak Sprey<\/td>\n<td>200 ml<\/td>\n<td>30<\/td>\n<td>96<\/td>\n<\/tr>\n<\/tbody>\n<\/table>","protected":false},"excerpt":{"rendered":"<p><strong>404 Ya\u011fl\u0131 Kontak Sprey<\/strong>, elektrik ve elektronik ba\u011flant\u0131 noktalar\u0131nda oksidasyon ve korozyonu \u00f6nlemek \u00fczere geli\u015ftirilmi\u015f \u00f6zel bir bak\u0131m ve koruma \u00fcr\u00fcn\u00fcd\u00fcr. Temas y\u00fczeylerini ya\u011flayarak iletkenli\u011fin korunmas\u0131na yard\u0131mc\u0131 olurken; kir, toz, oksit ve di\u011fer kal\u0131nt\u0131lar\u0131 etkili bir \u015fekilde temizler.<\/p>\n<p>Y\u00fczeyde b\u0131rakt\u0131\u011f\u0131 ince ve homojen film tabakas\u0131 sayesinde temas noktalar\u0131nda uzun s\u00fcreli koruma sa\u011flar ve elektriksel performans\u0131n s\u00fcreklili\u011fini destekler. \u00d6zel valf sistemi sayesinde her a\u00e7\u0131dan kolay uygulama imk\u00e2n\u0131 sunarak profesyonel servis ve bak\u0131m i\u015flemlerinde g\u00fcvenilir bir \u00e7\u00f6z\u00fcm sa\u011flar.<\/p>\n<h3>\u00d6ne \u00c7\u0131kan \u00d6zellikler<\/h3>\n<ul>\n<li>Elektrik ve elektronik temas noktalar\u0131nda iletkenli\u011fi korur<\/li>\n<li>Oksidasyon ve korozyona kar\u015f\u0131 uzun s\u00fcreli koruma sa\u011flar<\/li>\n<li>Kir, toz, oksit ve kal\u0131nt\u0131lar\u0131 etkili \u015fekilde temizler<\/li>\n<li>\u0130nce ya\u011flay\u0131c\u0131 film tabakas\u0131 ile temas y\u00fczeylerini korur<\/li>\n<li>Temas direncini azaltarak g\u00fcvenilir ba\u011flant\u0131 sa\u011flar<\/li>\n<li>\u00d6zel valf sistemi ile her a\u00e7\u0131dan uygulama kolayl\u0131\u011f\u0131 sunar<\/li>\n<\/ul>\n<p>404 Ya\u011fl\u0131 Kontak Temizlik Spreyi, hassas elektronik bile\u015fenlerde ve otomotiv elektrik sistemlerinde g\u00fcvenilir temizlik ve koruma sa\u011flayarak bak\u0131m s\u00fcre\u00e7lerini daha etkili hale getirir.<\/p>\n<p><a href=\"https:\/\/emarket.404.com.tr\/products\/kontak-sprey-yagli-400-ml\" class=\"btn-satin-al\"><br \/>\n    SATIN AL<br \/>\n    <small>(E-MARKET)<\/small><br \/>\n<\/a><\/p>","protected":false},"featured_media":822,"template":"","meta":{"_seopress_robots_primary_cat":"none","_seopress_titles_title":"","_seopress_titles_desc":"","_seopress_robots_index":""},"product_brand":[],"product_cat":[14,47],"product_tag":[],"class_list":{"0":"post-996","1":"product","2":"type-product","3":"status-publish","4":"has-post-thumbnail","6":"product_cat-teknik-sprey-grubu","7":"product_cat-teknik-ve-endustriyel-spreyler","9":"first","10":"instock","11":"shipping-taxable","12":"product-type-simple"},"_links":{"self":[{"href":"https:\/\/404.com.tr\/en\/wp-json\/wp\/v2\/product\/996","targetHints":{"allow":["GET"]}}],"collection":[{"href":"https:\/\/404.com.tr\/en\/wp-json\/wp\/v2\/product"}],"about":[{"href":"https:\/\/404.com.tr\/en\/wp-json\/wp\/v2\/types\/product"}],"version-history":[{"count":2,"href":"https:\/\/404.com.tr\/en\/wp-json\/wp\/v2\/product\/996\/revisions"}],"predecessor-version":[{"id":1537,"href":"https:\/\/404.com.tr\/en\/wp-json\/wp\/v2\/product\/996\/revisions\/1537"}],"wp:featuredmedia":[{"embeddable":true,"href":"https:\/\/404.com.tr\/en\/wp-json\/wp\/v2\/media\/822"}],"wp:attachment":[{"href":"https:\/\/404.com.tr\/en\/wp-json\/wp\/v2\/media?parent=996"}],"wp:term":[{"taxonomy":"product_brand","embeddable":true,"href":"https:\/\/404.com.tr\/en\/wp-json\/wp\/v2\/product_brand?post=996"},{"taxonomy":"product_cat","embeddable":true,"href":"https:\/\/404.com.tr\/en\/wp-json\/wp\/v2\/product_cat?post=996"},{"taxonomy":"product_tag","embeddable":true,"href":"https:\/\/404.com.tr\/en\/wp-json\/wp\/v2\/product_tag?post=996"}],"curies":[{"name":"wp","href":"https:\/\/api.w.org\/{rel}","templated":true}]}}