{"id":982,"date":"2026-03-02T17:19:03","date_gmt":"2026-03-02T14:19:03","guid":{"rendered":"https:\/\/404.com.tr\/?post_type=product&#038;p=982"},"modified":"2026-04-01T13:50:21","modified_gmt":"2026-04-01T10:50:21","slug":"klima-koku-giderici-sprey-orman-esintisi","status":"publish","type":"product","link":"https:\/\/404.com.tr\/en\/product\/klima-koku-giderici-sprey-orman-esintisi\/","title":{"rendered":"Klima Koku Giderici Sprey &#8211; Orman Esintisi"},"content":{"rendered":"<table border=\"1\" width=\"100%\" cellspacing=\"0\" cellpadding=\"8\">\n<tbody>\n<tr>\n<td><strong>\u00dcr\u00fcn Tipi \/ Kimyasal Baz<\/strong><\/td>\n<td>Aerosol \/ Alkol ve parf\u00fcm bazl\u0131<\/td>\n<\/tr>\n<tr>\n<td><strong>G\u00f6r\u00fcn\u00fcm (Renk)<\/strong><\/td>\n<td>Berrak, renksiz<\/td>\n<\/tr>\n<tr>\n<td><strong>Yo\u011funluk (20 \u00b0C\u00b11)<\/strong><\/td>\n<td>~ 0,75 \u2013 0,85 g\/ml<\/td>\n<\/tr>\n<tr>\n<td><strong>Koku<\/strong><\/td>\n<td>Solvent<\/td>\n<\/tr>\n<tr>\n<td><strong>Suda \u00c7\u00f6z\u00fcnme<\/strong><\/td>\n<td>\u00c7\u00f6z\u00fcnmez<\/td>\n<\/tr>\n<tr>\n<td><strong>Uygulama S\u0131cakl\u0131\u011f\u0131<\/strong><\/td>\n<td>5-30 \u00b0C<\/td>\n<\/tr>\n<tr>\n<td><strong>\u0130tici Gaz<\/strong><\/td>\n<td>LPG<\/td>\n<\/tr>\n<tr>\n<td><strong>Bas\u0131n\u00e7 (20 \u00b0C\u00b11)<\/strong><\/td>\n<td>4 \u2013 6 bar<\/td>\n<\/tr>\n<tr>\n<td><strong>Br\u00fct A\u011f\u0131rl\u0131k \u2013 150 ml<\/strong><\/td>\n<td>165 g \u00b1 5 gram<\/td>\n<\/tr>\n<\/tbody>\n<\/table>\n<table border=\"1\" width=\"100%\" cellspacing=\"0\" cellpadding=\"8\">\n<tbody>\n<tr>\n<th>\u00dcr\u00fcn<\/th>\n<th>Net Hacim<\/th>\n<th>Koli \u0130\u00e7i Adet<\/th>\n<th>Koli \/ Palet<\/th>\n<\/tr>\n<tr>\n<td>Klima Koku Giderici<\/td>\n<td>150 ml<\/td>\n<td>30<\/td>\n<td>120<\/td>\n<\/tr>\n<\/tbody>\n<\/table>","protected":false},"excerpt":{"rendered":"<p><strong>404 AIRBOX Klima Koku Giderici Sprey<\/strong>, ara\u00e7 klima sistemlerinde zamanla olu\u015fan k\u00f6t\u00fc kokular\u0131n giderilmesi ve i\u00e7 ortam havas\u0131n\u0131n ferahlat\u0131lmas\u0131 amac\u0131yla geli\u015ftirilmi\u015f aerosol formda bir bak\u0131m \u00fcr\u00fcn\u00fcd\u00fcr. Klima kanallar\u0131 ve evaporat\u00f6r y\u00fczeylerinde biriken kokuya neden olan kal\u0131nt\u0131lar\u0131n etkisini azaltmaya yard\u0131mc\u0131 olarak daha hijyenik bir s\u00fcr\u00fc\u015f ortam\u0131 sa\u011flar.<\/p>\n<p>\u00d6zel form\u00fcl\u00fc sayesinde uygulama sonras\u0131 ara\u00e7 i\u00e7inde ferah ve kal\u0131c\u0131 bir koku b\u0131rak\u0131r. Pratik ve h\u0131zl\u0131 uygulama \u00f6zelli\u011fiyle zaman kazand\u0131ran \u00fcr\u00fcn; farkl\u0131 kullan\u0131c\u0131 zevklerine hitap eden Okyanus, Yeni Araba Kokusu, VIP, Orman, Bahar ve Tropikal gibi 6 farkl\u0131 koku se\u00e7ene\u011fi sunar.<\/p>\n<h3>\u00d6ne \u00c7\u0131kan \u00d6zellikler<\/h3>\n<ul>\n<li>Klima sisteminde olu\u015fan k\u00f6t\u00fc kokular\u0131n giderilmesine yard\u0131mc\u0131 olur.<\/li>\n<li>Klima kanallar\u0131na ve i\u00e7 hava dola\u015f\u0131m sistemine do\u011frudan etki eder.<\/li>\n<li>Ara\u00e7 i\u00e7inde uzun s\u00fcreli, ferah ve kal\u0131c\u0131 bir koku sa\u011flar.<\/li>\n<li>Aerosol formu sayesinde kolay, kontroll\u00fc ve h\u0131zl\u0131 kullan\u0131m imkan\u0131 sunar.<\/li>\n<li>6 farkl\u0131 koku se\u00e7ene\u011fi ile ki\u015fiselle\u015ftirilmi\u015f ara\u00e7 i\u00e7i konforu art\u0131r\u0131r.<\/li>\n<\/ul>\n<p>404 AIRBOX Klima Koku Giderici Sprey, periyodik klima bak\u0131m\u0131 ve ara\u00e7 i\u00e7i hava tazeleme i\u015flemleri i\u00e7in etkili ve pratik bir \u00e7\u00f6z\u00fcm sunar.<\/p>\n<p><a href=\"https:\/\/emarket.404.com.tr\/products\/klima-koku-giderici-sprey-orman-esintisi-150ml\" class=\"btn-satin-al\"><br \/>\n    SATIN AL<br \/>\n    <small>(E-MARKET)<\/small><br \/>\n<\/a><\/p>","protected":false},"featured_media":815,"template":"","meta":{"_seopress_robots_primary_cat":"none","_seopress_titles_title":"","_seopress_titles_desc":"","_seopress_robots_index":""},"product_brand":[],"product_cat":[46,14],"product_tag":[],"class_list":{"0":"post-982","1":"product","2":"type-product","3":"status-publish","4":"has-post-thumbnail","6":"product_cat-otomotiv-ve-bakim-kimyasallari","7":"product_cat-teknik-sprey-grubu","9":"first","10":"instock","11":"shipping-taxable","12":"product-type-simple"},"_links":{"self":[{"href":"https:\/\/404.com.tr\/en\/wp-json\/wp\/v2\/product\/982","targetHints":{"allow":["GET"]}}],"collection":[{"href":"https:\/\/404.com.tr\/en\/wp-json\/wp\/v2\/product"}],"about":[{"href":"https:\/\/404.com.tr\/en\/wp-json\/wp\/v2\/types\/product"}],"version-history":[{"count":2,"href":"https:\/\/404.com.tr\/en\/wp-json\/wp\/v2\/product\/982\/revisions"}],"predecessor-version":[{"id":1529,"href":"https:\/\/404.com.tr\/en\/wp-json\/wp\/v2\/product\/982\/revisions\/1529"}],"wp:featuredmedia":[{"embeddable":true,"href":"https:\/\/404.com.tr\/en\/wp-json\/wp\/v2\/media\/815"}],"wp:attachment":[{"href":"https:\/\/404.com.tr\/en\/wp-json\/wp\/v2\/media?parent=982"}],"wp:term":[{"taxonomy":"product_brand","embeddable":true,"href":"https:\/\/404.com.tr\/en\/wp-json\/wp\/v2\/product_brand?post=982"},{"taxonomy":"product_cat","embeddable":true,"href":"https:\/\/404.com.tr\/en\/wp-json\/wp\/v2\/product_cat?post=982"},{"taxonomy":"product_tag","embeddable":true,"href":"https:\/\/404.com.tr\/en\/wp-json\/wp\/v2\/product_tag?post=982"}],"curies":[{"name":"wp","href":"https:\/\/api.w.org\/{rel}","templated":true}]}}