{"id":606,"date":"2026-02-18T15:32:40","date_gmt":"2026-02-18T12:32:40","guid":{"rendered":"https:\/\/404.com.tr\/?post_type=product&#038;p=606"},"modified":"2026-04-01T13:50:24","modified_gmt":"2026-04-01T10:50:24","slug":"gazli-kutu-sprey","status":"publish","type":"product","link":"https:\/\/404.com.tr\/en\/product\/gazli-kutu-sprey\/","title":{"rendered":"Gazl\u0131 Kutu Sprey"},"content":{"rendered":"<table border=\"1\" width=\"100%\" cellspacing=\"0\" cellpadding=\"8\">\n<tbody>\n<tr>\n<td><strong>\u00dcr\u00fcn Tipi \/ Kimyasal Baz<\/strong><\/td>\n<td>Aerosol \/ Solvent<\/td>\n<\/tr>\n<tr>\n<td><strong>G\u00f6r\u00fcn\u00fcm (Renk)<\/strong><\/td>\n<td>Berrak, renksiz<\/td>\n<\/tr>\n<tr>\n<td><strong>Yo\u011funluk (20 \u00b0C\u00b11)<\/strong><\/td>\n<td>~ 0,65 \u2013 0,75 g\/ml<\/td>\n<\/tr>\n<tr>\n<td><strong>Koku<\/strong><\/td>\n<td>Solvent<\/td>\n<\/tr>\n<tr>\n<td><strong>Suda \u00c7\u00f6z\u00fcnme<\/strong><\/td>\n<td>Suda \u00c7\u00f6z\u00fcnmez<\/td>\n<\/tr>\n<tr>\n<td><strong>Uygulama S\u0131cakl\u0131\u011f\u0131<\/strong><\/td>\n<td>5\u00b0C \u2013 30\u00b0C<\/td>\n<\/tr>\n<tr>\n<td><strong>\u0130tici Gaz<\/strong><\/td>\n<td>LPG<\/td>\n<\/tr>\n<tr>\n<td><strong>Bas\u0131n\u00e7 (20 \u00b0C\u00b11)<\/strong><\/td>\n<td>4 \u2013 6 bar<\/td>\n<\/tr>\n<tr>\n<td><strong>Br\u00fct A\u011f\u0131rl\u0131k (400 ml)<\/strong><\/td>\n<td>285 g \u00b1 5 gram<\/td>\n<\/tr>\n<\/tbody>\n<\/table>\n<table border=\"1\" width=\"100%\" cellspacing=\"0\" cellpadding=\"8\">\n<tbody>\n<tr>\n<th>\u00dcr\u00fcn<\/th>\n<th>Net Hacim<\/th>\n<th>Koli \u0130\u00e7i Adet<\/th>\n<th>Koli \/ Palet<\/th>\n<\/tr>\n<tr>\n<td>404 Gazl\u0131 Kutu<\/td>\n<td>400 ml<\/td>\n<td>25<\/td>\n<td>63<\/td>\n<\/tr>\n<\/tbody>\n<\/table>","protected":false},"excerpt":{"rendered":"<p><strong>404 Gazl\u0131 Kutu Sprey<\/strong>, profesyonel kullan\u0131m i\u00e7in geli\u015ftirilmi\u015f, solvent bazl\u0131 bir \u00f6n dolum sprey sistemidir. \u0130tici gaz ve \u00f6zel \u00e7\u00f6z\u00fcc\u00fcler i\u00e7eren bu sistem, i\u00e7erisine istenilen \u00f6zellikte 100 ml konsantre boya ilave edilmesiyle ki\u015fiselle\u015ftirilmi\u015f nihai bir \u00fcr\u00fcn elde edilmesini sa\u011flar.<\/p>\n<p>\u00d6zel p\u00fcsk\u00fcrtme ve valf teknolojisi sayesinde, boya tabancas\u0131na benzer homojen ve kontroll\u00fc bir p\u00fcsk\u00fcrtme performans\u0131 sunar. Leke onar\u0131mlar\u0131 ve tamir par\u00e7alar\u0131 i\u00e7in ideal olan \u00fcr\u00fcn, uygulama s\u00fcresince bas\u0131n\u00e7ta de\u011fi\u015fim ya\u015fatmaz ve y\u00fcksek verimlilik sa\u011flar.<\/p>\n<h3>\u00d6ne \u00c7\u0131kan \u00d6zellikler<\/h3>\n<ul>\n<li>Leke onar\u0131mlar\u0131 ve tamir par\u00e7alar\u0131 i\u00e7in ideal profesyonel \u00e7\u00f6z\u00fcmd\u00fcr<\/li>\n<li>Boya tabancas\u0131 kalitesinde homojen ve kontroll\u00fc p\u00fcsk\u00fcrtme performans\u0131 sunar<\/li>\n<li>Uygulama boyunca sabit bas\u0131n\u00e7 ile y\u00fcksek verimlilik sa\u011flar<\/li>\n<li>Basit ve pratik dolum\/uygulama s\u00fcreci ile zaman kazand\u0131r\u0131r<\/li>\n<li>Ta\u015f\u0131tlar, beyaz e\u015fyalar ve hobi uygulamalar\u0131 i\u00e7in geni\u015f kullan\u0131m alan\u0131na sahiptir<\/li>\n<\/ul>\n<p>404 Gazl\u0131 Kutu Sprey, servis ve at\u00f6lye ortamlar\u0131nda h\u0131zl\u0131 m\u00fcdahale gerektiren boya tamir s\u00fcre\u00e7lerini daha profesyonel ve etkili hale getirir.<\/p>\n<p><a href=\"https:\/\/emarket.404.com.tr\/products\/gazli-kutu-400ml\" class=\"btn-satin-al\"><br \/>\n    SATIN AL<br \/>\n    <small>(E-MARKET)<\/small><br \/>\n<\/a><\/p>","protected":false},"featured_media":825,"template":"","meta":{"_seopress_robots_primary_cat":"none","_seopress_titles_title":"","_seopress_titles_desc":"","_seopress_robots_index":""},"product_brand":[],"product_cat":[14,47],"product_tag":[],"class_list":{"0":"post-606","1":"product","2":"type-product","3":"status-publish","4":"has-post-thumbnail","6":"product_cat-teknik-sprey-grubu","7":"product_cat-teknik-ve-endustriyel-spreyler","9":"first","10":"instock","11":"shipping-taxable","12":"product-type-simple"},"_links":{"self":[{"href":"https:\/\/404.com.tr\/en\/wp-json\/wp\/v2\/product\/606","targetHints":{"allow":["GET"]}}],"collection":[{"href":"https:\/\/404.com.tr\/en\/wp-json\/wp\/v2\/product"}],"about":[{"href":"https:\/\/404.com.tr\/en\/wp-json\/wp\/v2\/types\/product"}],"version-history":[{"count":3,"href":"https:\/\/404.com.tr\/en\/wp-json\/wp\/v2\/product\/606\/revisions"}],"predecessor-version":[{"id":1540,"href":"https:\/\/404.com.tr\/en\/wp-json\/wp\/v2\/product\/606\/revisions\/1540"}],"wp:featuredmedia":[{"embeddable":true,"href":"https:\/\/404.com.tr\/en\/wp-json\/wp\/v2\/media\/825"}],"wp:attachment":[{"href":"https:\/\/404.com.tr\/en\/wp-json\/wp\/v2\/media?parent=606"}],"wp:term":[{"taxonomy":"product_brand","embeddable":true,"href":"https:\/\/404.com.tr\/en\/wp-json\/wp\/v2\/product_brand?post=606"},{"taxonomy":"product_cat","embeddable":true,"href":"https:\/\/404.com.tr\/en\/wp-json\/wp\/v2\/product_cat?post=606"},{"taxonomy":"product_tag","embeddable":true,"href":"https:\/\/404.com.tr\/en\/wp-json\/wp\/v2\/product_tag?post=606"}],"curies":[{"name":"wp","href":"https:\/\/api.w.org\/{rel}","templated":true}]}}