{"id":591,"date":"2026-02-18T14:49:36","date_gmt":"2026-02-18T11:49:36","guid":{"rendered":"https:\/\/404.com.tr\/?post_type=product&#038;p=591"},"modified":"2026-04-01T13:50:25","modified_gmt":"2026-04-01T10:50:25","slug":"motor-temizleyici-sprey","status":"publish","type":"product","link":"https:\/\/404.com.tr\/en\/product\/motor-temizleyici-sprey\/","title":{"rendered":"Motor Temizleyici Sprey"},"content":{"rendered":"<table border=\"1\" width=\"100%\" cellspacing=\"0\" cellpadding=\"8\">\n<tbody>\n<tr>\n<td><strong>\u00dcr\u00fcn Tipi \/ Kimyasal Baz<\/strong><\/td>\n<td>Aerosol \/ Solvent \/ White Oil \/ D-Limonen<\/td>\n<\/tr>\n<tr>\n<td><strong>G\u00f6r\u00fcn\u00fcm (Renk)<\/strong><\/td>\n<td>Berrak, renksiz<\/td>\n<\/tr>\n<tr>\n<td><strong>Yo\u011funluk (20 \u00b0C\u00b11)<\/strong><\/td>\n<td>~ 0,75 \u2013 0,85 g\/ml<\/td>\n<\/tr>\n<tr>\n<td><strong>Koku<\/strong><\/td>\n<td>Solvent<\/td>\n<\/tr>\n<tr>\n<td><strong>Suda \u00c7\u00f6z\u00fcn\u00fcrl\u00fck<\/strong><\/td>\n<td>\u00c7\u00f6z\u00fcnmez<\/td>\n<\/tr>\n<tr>\n<td><strong>Uygulama S\u0131cakl\u0131\u011f\u0131<\/strong><\/td>\n<td>5-30 \u00b0C<\/td>\n<\/tr>\n<tr>\n<td><strong>\u0130tici Gaz<\/strong><\/td>\n<td>LPG<\/td>\n<\/tr>\n<tr>\n<td><strong>Bas\u0131n\u00e7 (20 \u00b0C\u00b11)<\/strong><\/td>\n<td>5 \u2013 6 bar<\/td>\n<\/tr>\n<tr>\n<td><strong>Br\u00fct A\u011f\u0131rl\u0131k (400 ml)<\/strong><\/td>\n<td>440 g \u00b1 5 gram<\/td>\n<\/tr>\n<\/tbody>\n<\/table>\n<table border=\"1\" width=\"100%\" cellspacing=\"0\" cellpadding=\"8\">\n<tbody>\n<tr>\n<th>\u00dcr\u00fcn<\/th>\n<th>Net Hacim<\/th>\n<th>Koli \u0130\u00e7i Adet<\/th>\n<th>Koli \/ Palet<\/th>\n<\/tr>\n<tr>\n<td>Motor Temizleyici Sprey<\/td>\n<td>500 ml<\/td>\n<td>30<\/td>\n<td>63<\/td>\n<\/tr>\n<\/tbody>\n<\/table>","protected":false},"excerpt":{"rendered":"<p><strong>404 Motor Temizleyici Sprey<\/strong>, motor blo\u011fu \u00fczerinde biriken ya\u011f, gres ve inat\u00e7\u0131 kirlerin temizlenmesi i\u00e7in geli\u015ftirilmi\u015f y\u00fcksek performansl\u0131 bir bak\u0131m \u00fcr\u00fcn\u00fcd\u00fcr. Su i\u00e7ermeyen \u00f6zel form\u00fcl\u00fc sayesinde, \u00f6zellikle yeni nesil ara\u00e7 motorlar\u0131n\u0131n temizli\u011finde g\u00fcvenle kullan\u0131l\u0131r.<\/p>\n<p>Etkili i\u00e7eri\u011fi kir ve ya\u011fa n\u00fcfuz ederek \u00e7\u00f6z\u00fclmesini sa\u011flar; aerosol formu sayesinde zor ula\u015f\u0131lan alanlara kolayca ula\u015f\u0131r. Antistatik etkisi ile tozlanmay\u0131 geciktirerek motorun daha uzun s\u00fcre temiz kalmas\u0131na yard\u0131mc\u0131 olur, temizlemenin yan\u0131 s\u0131ra parlak bir g\u00f6r\u00fcn\u00fcm ve koruyucu etki sa\u011flar.<\/p>\n<h3>\u00d6ne \u00c7\u0131kan \u00d6zellikler<\/h3>\n<ul>\n<li>Motorun metal, plastik, boyal\u0131 y\u00fczeylerine ve elektronik aksamlar\u0131na zarar vermez.<\/li>\n<li>Antistatik etkisi sayesinde yeniden kirlenmeyi geciktirir.<\/li>\n<li>Temizlik sonras\u0131 ek parlat\u0131c\u0131 gerektirmeden parlak bir g\u00f6r\u00fcn\u00fcm sa\u011flar.<\/li>\n<li>Silikon i\u00e7ermez ve ho\u015f kokulu kullan\u0131m i\u00e7in narenciye esanslar\u0131 i\u00e7erir.<\/li>\n<li>\u00c7evreye duyarl\u0131, ozon dostu itici gazlar i\u00e7erir.<\/li>\n<\/ul>\n<p>404 Motor Temizleyici Sprey; otomobil, hafif ticari ve a\u011f\u0131r vas\u0131ta motorlar\u0131nda g\u00fcvenilir temizlik sa\u011flayarak bak\u0131m s\u00fcre\u00e7lerini daha etkili ve profesyonel hale getirir.<\/p>\n<p><a href=\"https:\/\/emarket.404.com.tr\/products\/motor-temizleyici-sprey-500ml\" class=\"btn-satin-al\"><br \/>\n    SATIN AL<br \/>\n    <small>(E-MARKET)<\/small><br \/>\n<\/a><\/p>","protected":false},"featured_media":807,"template":"","meta":{"_seopress_robots_primary_cat":"none","_seopress_titles_title":"","_seopress_titles_desc":"","_seopress_robots_index":""},"product_brand":[],"product_cat":[46,14],"product_tag":[],"class_list":{"0":"post-591","1":"product","2":"type-product","3":"status-publish","4":"has-post-thumbnail","6":"product_cat-otomotiv-ve-bakim-kimyasallari","7":"product_cat-teknik-sprey-grubu","9":"first","10":"instock","11":"shipping-taxable","12":"product-type-simple"},"_links":{"self":[{"href":"https:\/\/404.com.tr\/en\/wp-json\/wp\/v2\/product\/591","targetHints":{"allow":["GET"]}}],"collection":[{"href":"https:\/\/404.com.tr\/en\/wp-json\/wp\/v2\/product"}],"about":[{"href":"https:\/\/404.com.tr\/en\/wp-json\/wp\/v2\/types\/product"}],"version-history":[{"count":3,"href":"https:\/\/404.com.tr\/en\/wp-json\/wp\/v2\/product\/591\/revisions"}],"predecessor-version":[{"id":1524,"href":"https:\/\/404.com.tr\/en\/wp-json\/wp\/v2\/product\/591\/revisions\/1524"}],"wp:featuredmedia":[{"embeddable":true,"href":"https:\/\/404.com.tr\/en\/wp-json\/wp\/v2\/media\/807"}],"wp:attachment":[{"href":"https:\/\/404.com.tr\/en\/wp-json\/wp\/v2\/media?parent=591"}],"wp:term":[{"taxonomy":"product_brand","embeddable":true,"href":"https:\/\/404.com.tr\/en\/wp-json\/wp\/v2\/product_brand?post=591"},{"taxonomy":"product_cat","embeddable":true,"href":"https:\/\/404.com.tr\/en\/wp-json\/wp\/v2\/product_cat?post=591"},{"taxonomy":"product_tag","embeddable":true,"href":"https:\/\/404.com.tr\/en\/wp-json\/wp\/v2\/product_tag?post=591"}],"curies":[{"name":"wp","href":"https:\/\/api.w.org\/{rel}","templated":true}]}}