{"id":572,"date":"2026-02-17T22:44:46","date_gmt":"2026-02-17T19:44:46","guid":{"rendered":"https:\/\/404.com.tr\/?post_type=product&#038;p=572"},"modified":"2026-04-01T13:50:25","modified_gmt":"2026-04-01T10:50:25","slug":"silikonlu-kalip-ayirici-sprey","status":"publish","type":"product","link":"https:\/\/404.com.tr\/en\/product\/silikonlu-kalip-ayirici-sprey\/","title":{"rendered":"Silikonlu Kal\u0131p Ay\u0131r\u0131c\u0131 Sprey"},"content":{"rendered":"<table border=\"1\" width=\"100%\" cellspacing=\"0\" cellpadding=\"8\">\n<tbody>\n<tr>\n<td><strong>\u00dcr\u00fcn Tipi \/ Kimyasal Baz<\/strong><\/td>\n<td>Aerosol (solvent, silikon ya\u011f\u0131 ve katk\u0131lar)<\/td>\n<\/tr>\n<tr>\n<td><strong>G\u00f6r\u00fcn\u00fcm<\/strong><\/td>\n<td>Berrak, renksiz aerosol<\/td>\n<\/tr>\n<tr>\n<td><strong>Yo\u011funluk (20\u00b0C)<\/strong><\/td>\n<td>~ 1,17 \u2013 1,19 g\/ml<\/td>\n<\/tr>\n<tr>\n<td><strong>Koku<\/strong><\/td>\n<td>Solvent<\/td>\n<\/tr>\n<tr>\n<td><strong>Suda \u00c7\u00f6z\u00fcn\u00fcrl\u00fck<\/strong><\/td>\n<td>Suda \u00e7\u00f6z\u00fcnmez<\/td>\n<\/tr>\n<tr>\n<td><strong>Uygulama S\u0131cakl\u0131\u011f\u0131 (\u00dcr\u00fcn)<\/strong><\/td>\n<td>5\u00b0C \u2013 30\u00b0C<\/td>\n<\/tr>\n<tr>\n<td><strong>S\u0131cakl\u0131k Dayan\u0131m\u0131 (Kal\u0131p)<\/strong><\/td>\n<td>200\u2013250\u00b0C\u2019ye kadar dayan\u0131kl\u0131 (endirekt ate\u015f)<\/td>\n<\/tr>\n<tr>\n<td><strong>\u0130tici Gaz<\/strong><\/td>\n<td>DME \/ LPG<\/td>\n<\/tr>\n<tr>\n<td><strong>Bas\u0131n\u00e7 (20\u00b0C)<\/strong><\/td>\n<td>4 \u2013 6 bar<\/td>\n<\/tr>\n<tr>\n<td><strong>Br\u00fct A\u011f\u0131rl\u0131k<\/strong><\/td>\n<td>325 g \u00b15 g (400 ml)<\/td>\n<\/tr>\n<\/tbody>\n<\/table>\n<p>&nbsp;<\/p>\n<table border=\"1\" width=\"100%\" cellspacing=\"0\" cellpadding=\"8\">\n<tbody>\n<tr>\n<th>\u00dcr\u00fcn<\/th>\n<th>Net Hacim<\/th>\n<th>Koli \u0130\u00e7i Adet<\/th>\n<th>Koli \/ Palet<\/th>\n<\/tr>\n<tr>\n<td>Silikonlu Kal\u0131p Ay\u0131r\u0131c\u0131 Sprey<\/td>\n<td>400 ml<\/td>\n<td>20<\/td>\n<td>84<\/td>\n<\/tr>\n<\/tbody>\n<\/table>","protected":false},"excerpt":{"rendered":"<p><strong>Silikonlu Kal\u0131p Ay\u0131r\u0131c\u0131 Sprey<\/strong>, silikon bazl\u0131 form\u00fcl\u00fcyle kal\u0131p y\u00fczeylerinde etkili ay\u0131rma ve kayd\u0131rma sa\u011flayan profesyonel bir aerosol \u00fcr\u00fcnd\u00fcr. Plastik, kau\u00e7uk, metal ve al\u00fcminyum kal\u0131plarda ince bir film tabakas\u0131 olu\u015fturarak \u00fcr\u00fcn\u00fcn kal\u0131ptan kolay ayr\u0131lmas\u0131n\u0131 sa\u011flar, y\u00fczey kalitesini art\u0131r\u0131r ve kal\u0131p \u00f6mr\u00fcn\u00fc uzat\u0131r.<\/p>\n<p>Su tutmayan ve suda \u00e7\u00f6z\u00fcnmeyen yap\u0131s\u0131 sayesinde temiz ve kal\u0131nt\u0131 b\u0131rakmayan bir kullan\u0131m sunar. End\u00fcstriyel \u00fcretim s\u00fcre\u00e7lerinde s\u00fcrt\u00fcnmeyi azaltarak mekanik par\u00e7alar\u0131n daha verimli \u00e7al\u0131\u015fmas\u0131na yard\u0131mc\u0131 olur ve k\u0131sa s\u00fcreli y\u00fczey korumas\u0131 sa\u011flar.<\/p>\n<h3>\u00d6ne \u00c7\u0131kan \u00d6zellikler<\/h3>\n<ul>\n<li>Silikon bazl\u0131 form\u00fcl ile etkili kal\u0131p ay\u0131rma ve y\u00fczey kayd\u0131rma<\/li>\n<li>Kal\u0131p y\u00fczeyinde ince film olu\u015fturarak yap\u0131\u015fmay\u0131 azalt\u0131r<\/li>\n<li>Y\u00fczey kalitesini art\u0131r\u0131r ve kal\u0131p \u00f6mr\u00fcn\u00fc uzat\u0131r<\/li>\n<li>Suda \u00e7\u00f6z\u00fcnmeyen ve kal\u0131nt\u0131 b\u0131rakmayan temiz uygulama<\/li>\n<li>Y\u00fcksek s\u0131cakl\u0131klarda dahi performans\u0131n\u0131 korur<\/li>\n<li>End\u00fcstriyel \u00fcretim ve bak\u0131m uygulamalar\u0131 i\u00e7in uygundur<\/li>\n<\/ul>\n<p>Silikonlu Kal\u0131p Ay\u0131r\u0131c\u0131 Sprey, \u00fcretim s\u00fcre\u00e7lerinde g\u00fcvenilir ay\u0131rma ve kayd\u0131rma sa\u011flayarak daha kaliteli sonu\u00e7lar ve daha verimli bir \u00e7al\u0131\u015fma ortam\u0131 sunar.<\/p>\n<p><a href=\"https:\/\/emarket.404.com.tr\/products\/silikonlu-kalip-ayirici-sprey-400ml\" class=\"btn-satin-al\"><br \/>\n    SATIN AL<br \/>\n    <small>(E-MARKET)<\/small><br \/>\n<\/a><\/p>","protected":false},"featured_media":799,"template":"","meta":{"_seopress_robots_primary_cat":"none","_seopress_titles_title":"","_seopress_titles_desc":"","_seopress_robots_index":""},"product_brand":[],"product_cat":[14,47],"product_tag":[],"class_list":{"0":"post-572","1":"product","2":"type-product","3":"status-publish","4":"has-post-thumbnail","6":"product_cat-teknik-sprey-grubu","7":"product_cat-teknik-ve-endustriyel-spreyler","9":"first","10":"instock","11":"shipping-taxable","12":"product-type-simple"},"_links":{"self":[{"href":"https:\/\/404.com.tr\/en\/wp-json\/wp\/v2\/product\/572","targetHints":{"allow":["GET"]}}],"collection":[{"href":"https:\/\/404.com.tr\/en\/wp-json\/wp\/v2\/product"}],"about":[{"href":"https:\/\/404.com.tr\/en\/wp-json\/wp\/v2\/types\/product"}],"version-history":[{"count":3,"href":"https:\/\/404.com.tr\/en\/wp-json\/wp\/v2\/product\/572\/revisions"}],"predecessor-version":[{"id":1520,"href":"https:\/\/404.com.tr\/en\/wp-json\/wp\/v2\/product\/572\/revisions\/1520"}],"wp:featuredmedia":[{"embeddable":true,"href":"https:\/\/404.com.tr\/en\/wp-json\/wp\/v2\/media\/799"}],"wp:attachment":[{"href":"https:\/\/404.com.tr\/en\/wp-json\/wp\/v2\/media?parent=572"}],"wp:term":[{"taxonomy":"product_brand","embeddable":true,"href":"https:\/\/404.com.tr\/en\/wp-json\/wp\/v2\/product_brand?post=572"},{"taxonomy":"product_cat","embeddable":true,"href":"https:\/\/404.com.tr\/en\/wp-json\/wp\/v2\/product_cat?post=572"},{"taxonomy":"product_tag","embeddable":true,"href":"https:\/\/404.com.tr\/en\/wp-json\/wp\/v2\/product_tag?post=572"}],"curies":[{"name":"wp","href":"https:\/\/api.w.org\/{rel}","templated":true}]}}