{"id":1024,"date":"2026-03-02T17:41:03","date_gmt":"2026-03-02T14:41:03","guid":{"rendered":"https:\/\/404.com.tr\/?post_type=product&#038;p=1024"},"modified":"2026-04-01T13:50:20","modified_gmt":"2026-04-01T10:50:20","slug":"set-7-5kg-ozel-plastik-celik-no4","status":"publish","type":"product","link":"https:\/\/404.com.tr\/en\/product\/set-7-5kg-ozel-plastik-celik-no4\/","title":{"rendered":"Set &#8211; 7.5kg \u00d6zel Plastik \u00c7elik No:4"},"content":{"rendered":"<table border=\"1\" cellpadding=\"8\" cellspacing=\"0\" width=\"100%\">\n<tr>\n<td><strong>\u00dcr\u00fcn Tipi<\/strong><\/td>\n<td>\u0130ki bile\u015fenli, solvent i\u00e7ermeyen epoksi yap\u0131\u015ft\u0131r\u0131c\u0131 (Re\u00e7ine + Sertle\u015ftirici)<\/td>\n<\/tr>\n<tr>\n<td><strong>Kimyasal Baz<\/strong><\/td>\n<td>Epoksi (A Bile\u015fen) \/ Amin (B Bile\u015fen)<\/td>\n<\/tr>\n<tr>\n<td><strong>Kar\u0131\u015f\u0131m Oran\u0131<\/strong><\/td>\n<td>100 : 65 (Re\u00e7ine : Sertle\u015ftirici)<\/td>\n<\/tr>\n<tr>\n<td><strong>G\u00f6r\u00fcn\u00fcm<\/strong><\/td>\n<td>Berrak veya beyaz opak re\u00e7ine \/ Sar\u0131ms\u0131 opak veya berrak sertle\u015ftirici (varyanta g\u00f6re)<\/td>\n<\/tr>\n<tr>\n<td><strong>Yo\u011funluk (25\u00b0C)<\/strong><\/td>\n<td>Re\u00e7ine: ~1,17 g\/cm\u00b3 \/ Sertle\u015ftirici: ~0,96 g\/cm\u00b3<\/td>\n<\/tr>\n<tr>\n<td><strong>Viskozite (25\u00b0C)<\/strong><\/td>\n<td>10.000 \u2013 45.000 mPa\u00b7s (varyanta g\u00f6re)<\/td>\n<\/tr>\n<tr>\n<td><strong>Jelle\u015fme S\u00fcresi (23\u00b0C)<\/strong><\/td>\n<td>Yakla\u015f\u0131k 120 dakika<\/td>\n<\/tr>\n<tr>\n<td><strong>Is\u0131 Dayan\u0131m\u0131<\/strong><\/td>\n<td>S\u00fcrekli 120\u00b0C, aral\u0131kl\u0131 150\u00b0C<\/td>\n<\/tr>\n<tr>\n<td><strong>D\u00fc\u015f\u00fck S\u0131cakl\u0131k Dayan\u0131m\u0131<\/strong><\/td>\n<td>-20\u00b0C\u2019ye kadar (daha d\u00fc\u015f\u00fck s\u0131cakl\u0131klarda dayan\u0131m azalabilir)<\/td>\n<\/tr>\n<tr>\n<td><strong>Dokunma Kurulu\u011fu (23\u00b0C)<\/strong><\/td>\n<td>~ 2 saat<\/td>\n<\/tr>\n<tr>\n<td><strong>Tam K\u00fcrlenme<\/strong><\/td>\n<td>24 saat<\/td>\n<\/tr>\n<\/table>\n<p><\/p>\n<table border=\"1\" cellpadding=\"8\" cellspacing=\"0\" width=\"100%\">\n<tr>\n<th>\u00dcr\u00fcn<\/th>\n<th>Ambalaj Tipi<\/th>\n<th>\u0130\u00e7erik<\/th>\n<th>Uygulama K\u0131vam\u0131<\/th>\n<\/tr>\n<tr>\n<td>404 \u00d6zel Plastik \u00c7elik No:1<\/td>\n<td>Teneke Set<\/td>\n<td>4,5 kg + 3 kg (7,5 kg)<\/td>\n<td>Ak\u0131\u015fkan \u2013 kontroll\u00fc<\/td>\n<\/tr>\n<tr>\n<td>404 \u00d6zel Plastik \u00c7elik No:2<\/td>\n<td>Teneke Set<\/td>\n<td>4,5 kg + 3 kg (7,5 kg)<\/td>\n<td>Pastams\u0131 \u2013 tiksotropik<\/td>\n<\/tr>\n<tr>\n<td>404 \u00d6zel Plastik \u00c7elik No:3<\/td>\n<td>Teneke Set<\/td>\n<td>4,5 kg + 3 kg (7,5 kg)<\/td>\n<td>Ak\u0131\u015fkan<\/td>\n<\/tr>\n<tr>\n<td>404 \u00d6zel Plastik \u00c7elik No:4<\/td>\n<td>Teneke Set<\/td>\n<td>4,5 kg + 3 kg (7,5 kg)<\/td>\n<td>Yo\u011fun pastams\u0131<\/td>\n<\/tr>\n<\/table>","protected":false},"excerpt":{"rendered":"<p><strong>404 Power Mix Epoksi Macun Yap\u0131\u015ft\u0131r\u0131c\u0131<\/strong>, iki komponentli (A Re\u00e7ine \u2013 sar\u0131 \/ B Sertle\u015ftirici \u2013 mavi), yo\u011frulabilir, y\u00fcksek yap\u0131\u015fma g\u00fcc\u00fcne sahip epoksi esasl\u0131 bir tamir ve dolgu macunudur. 1:1 oran\u0131nda kar\u0131\u015ft\u0131r\u0131ld\u0131\u011f\u0131nda homojen bir yap\u0131 kazanarak kolay \u015fekillendirilebilir hale gelir ve uyguland\u0131\u011f\u0131 y\u00fczeye g\u00fc\u00e7l\u00fc \u015fekilde tutunur.<\/p>\n<p>Ortam s\u0131cakl\u0131\u011f\u0131na ba\u011fl\u0131 olarak 15\u201330 dakika i\u00e7inde sertle\u015fir ve y\u00fcksek mekanik dayan\u0131m sa\u011flayan kal\u0131c\u0131 bir ba\u011f olu\u015fturur. K\u00fcrlenme tamamland\u0131\u011f\u0131nda z\u0131mparalanabilir, delinebilir ve boyanabilir yap\u0131s\u0131yla \u00e7ok y\u00f6nl\u00fc kullan\u0131m imk\u00e2n\u0131 sunar. Darbe ve titre\u015fime dayan\u0131kl\u0131 yap\u0131s\u0131 sayesinde uzun \u00f6m\u00fcrl\u00fc ve g\u00fcvenilir onar\u0131mlar sa\u011flar.<\/p>\n<h3>\u00d6ne \u00c7\u0131kan \u00d6zellikler<\/h3>\n<ul>\n<li>Metal, PVC, ah\u015fap, cam ve bir\u00e7ok y\u00fczeyde \u00e7ok y\u00fcksek yap\u0131\u015fma g\u00fcc\u00fc<\/li>\n<li>Yo\u011frulabilir ve \u015fekillendirilebilir yap\u0131 ile bo\u015fluk doldurma imk\u00e2n\u0131<\/li>\n<li>15\u201330 dakika i\u00e7inde h\u0131zl\u0131 ilk sertle\u015fme<\/li>\n<li>K\u00fcrlendikten sonra z\u0131mparalanabilir, delinebilir ve boyanabilir<\/li>\n<li>Ya\u011f, hidrokarbon, asit, baz, alkol ve suya kar\u015f\u0131 dayan\u0131kl\u0131<\/li>\n<li>-30 \u00b0C ile +120 \u00b0C aras\u0131 geni\u015f s\u0131cakl\u0131k dayan\u0131m\u0131<\/li>\n<\/ul>\n<p>404 Power Mix, mekanik tamir, tesisat onar\u0131m\u0131, \u00e7atlak ve s\u0131z\u0131nt\u0131 giderme gibi bir\u00e7ok uygulamada g\u00fc\u00e7l\u00fc, pratik ve profesyonel bir \u00e7\u00f6z\u00fcm sunar.<\/p>\n<p><a href=\"https:\/\/emarket.404.com.tr\/products\/set-7-5-kg-ozel-plastik-celik-no-4\" class=\"btn-satin-al\"><br \/>\n    SATIN AL<br \/>\n    <small>(E-MARKET)<\/small><br \/>\n<\/a><\/p>","protected":false},"featured_media":862,"template":"","meta":{"_seopress_robots_primary_cat":"none","_seopress_titles_title":"","_seopress_titles_desc":"","_seopress_robots_index":""},"product_brand":[],"product_cat":[19,48],"product_tag":[],"class_list":{"0":"post-1024","1":"product","2":"type-product","3":"status-publish","4":"has-post-thumbnail","6":"product_cat-yapistirici-grubu","7":"product_cat-yapistirici-ve-sizdirmazlik-cozumleri","9":"first","10":"instock","11":"shipping-taxable","12":"product-type-simple"},"_links":{"self":[{"href":"https:\/\/404.com.tr\/en\/wp-json\/wp\/v2\/product\/1024","targetHints":{"allow":["GET"]}}],"collection":[{"href":"https:\/\/404.com.tr\/en\/wp-json\/wp\/v2\/product"}],"about":[{"href":"https:\/\/404.com.tr\/en\/wp-json\/wp\/v2\/types\/product"}],"version-history":[{"count":3,"href":"https:\/\/404.com.tr\/en\/wp-json\/wp\/v2\/product\/1024\/revisions"}],"predecessor-version":[{"id":1591,"href":"https:\/\/404.com.tr\/en\/wp-json\/wp\/v2\/product\/1024\/revisions\/1591"}],"wp:featuredmedia":[{"embeddable":true,"href":"https:\/\/404.com.tr\/en\/wp-json\/wp\/v2\/media\/862"}],"wp:attachment":[{"href":"https:\/\/404.com.tr\/en\/wp-json\/wp\/v2\/media?parent=1024"}],"wp:term":[{"taxonomy":"product_brand","embeddable":true,"href":"https:\/\/404.com.tr\/en\/wp-json\/wp\/v2\/product_brand?post=1024"},{"taxonomy":"product_cat","embeddable":true,"href":"https:\/\/404.com.tr\/en\/wp-json\/wp\/v2\/product_cat?post=1024"},{"taxonomy":"product_tag","embeddable":true,"href":"https:\/\/404.com.tr\/en\/wp-json\/wp\/v2\/product_tag?post=1024"}],"curies":[{"name":"wp","href":"https:\/\/api.w.org\/{rel}","templated":true}]}}