{"id":1005,"date":"2026-03-02T17:33:47","date_gmt":"2026-03-02T14:33:47","guid":{"rendered":"https:\/\/404.com.tr\/?post_type=product&#038;p=1005"},"modified":"2026-04-01T13:50:20","modified_gmt":"2026-04-01T10:50:20","slug":"met-celik-yapistirici-500gr","status":"publish","type":"product","link":"https:\/\/404.com.tr\/en\/product\/met-celik-yapistirici-500gr\/","title":{"rendered":"Met \u00c7elik Yap\u0131\u015ft\u0131r\u0131c\u0131 &#8211; 500gr"},"content":{"rendered":"<table border=\"1\" cellpadding=\"8\" cellspacing=\"0\" width=\"100%\">\n<tr>\n<td><strong>\u00dcr\u00fcn Tipi<\/strong><\/td>\n<td>\u0130ki bile\u015fenli, epoksi esasl\u0131 metalize yap\u0131\u015ft\u0131r\u0131c\u0131 ve dolgu malzemesi<\/td>\n<\/tr>\n<tr>\n<td><strong>Bile\u015fen A (Re\u00e7ine)<\/strong><\/td>\n<td>Epoksi bazl\u0131, metalize gri<\/td>\n<\/tr>\n<tr>\n<td><strong>Bile\u015fen B (Sertle\u015ftirici)<\/strong><\/td>\n<td>Amin bazl\u0131, sar\u0131ms\u0131-opak (\u226410 Gardner)<\/td>\n<\/tr>\n<tr>\n<td><strong>Kar\u0131\u015f\u0131m Oran\u0131<\/strong><\/td>\n<td>1 : 2 (A:B)<\/td>\n<\/tr>\n<tr>\n<td><strong>Viskozite (Re\u00e7ine, 25\u00b0C)<\/strong><\/td>\n<td>50.000 \u2013 100.000 mPa\u00b7s<\/td>\n<\/tr>\n<tr>\n<td><strong>Viskozite (Sertle\u015ftirici, 75\u00b0C)<\/strong><\/td>\n<td>700 \u2013 900 mPa\u00b7s<\/td>\n<\/tr>\n<tr>\n<td><strong>Jelle\u015fme Zaman\u0131 (23\u00b0C)<\/strong><\/td>\n<td>120 dakika<\/td>\n<\/tr>\n<tr>\n<td><strong>Shore D Sertli\u011fi (7 g\u00fcn)<\/strong><\/td>\n<td>85 \u00b15<\/td>\n<\/tr>\n<tr>\n<td><strong>S\u0131cakl\u0131k Dayan\u0131m\u0131<\/strong><\/td>\n<td>S\u00fcrekli 120\u00b0C, aral\u0131kl\u0131 150\u00b0C (180\u00b0C \u00fczeri dayan\u0131m azal\u0131r)<\/td>\n<\/tr>\n<tr>\n<td><strong>D\u00fc\u015f\u00fck S\u0131cakl\u0131k Dayan\u0131m\u0131<\/strong><\/td>\n<td>\u201320 \/ \u201330\u00b0C\u2019ye kadar (kullan\u0131m ko\u015fullar\u0131na ba\u011fl\u0131)<\/td>\n<\/tr>\n<\/table>\n<p><\/p>\n<table border=\"1\" cellpadding=\"8\" cellspacing=\"0\" width=\"100%\">\n<tr>\n<th>Ambalaj<\/th>\n<th>Net A\u011f\u0131rl\u0131k<\/th>\n<th>Koli \u0130\u00e7i Adet<\/th>\n<th>Palet \u0130\u00e7i Adet<\/th>\n<\/tr>\n<tr>\n<td>Metalize \u00c7elik Yap\u0131\u015ft\u0131r\u0131c\u0131<\/td>\n<td>100 g<\/td>\n<td>20<\/td>\n<td>150<\/td>\n<\/tr>\n<tr>\n<td>Metalize \u00c7elik Yap\u0131\u015ft\u0131r\u0131c\u0131<\/td>\n<td>500 g<\/td>\n<td>8<\/td>\n<td>\u2014<\/td>\n<\/tr>\n<\/table>","protected":false},"excerpt":{"rendered":"<p><strong>404 Metalize \u00c7elik Yap\u0131\u015ft\u0131r\u0131c\u0131<\/strong>, solvent i\u00e7ermeyen, iki bile\u015fenli ve epoksi esasl\u0131 y\u00fcksek mukavemetli bir yap\u0131\u015ft\u0131rma, dolgu ve onar\u0131m malzemesidir. Y\u00fcksek oranda metal tozu i\u00e7eren \u00f6zel re\u00e7ine yap\u0131s\u0131 sayesinde so\u011fuk kaynak etkisi olu\u015fturarak g\u00fc\u00e7l\u00fc, kal\u0131c\u0131 ve dayan\u0131kl\u0131 onar\u0131mlar sa\u011flar.<\/p>\n<p>P\u00fcr\u00fczl\u00fc, hasarl\u0131 ve \u00e7atlak y\u00fczeylerde m\u00fckemmel dolgu kabiliyeti sunan \u00fcr\u00fcn; metal, beton, cam, seramik ve kompozit y\u00fczeylerde y\u00fcksek yap\u0131\u015fma performans\u0131 g\u00f6sterir. A\u011f\u0131r sanayi, otomotiv, in\u015faat, denizcilik ve beyaz e\u015fya sekt\u00f6rlerinde g\u00fcvenle kullan\u0131labilecek \u015fekilde geli\u015ftirilmi\u015ftir.<\/p>\n<h3>\u00d6ne \u00c7\u0131kan \u00d6zellikler<\/h3>\n<ul>\n<li>Y\u00fcksek dolgu kabiliyeti ile \u00e7atlak ve bo\u015fluklar\u0131 etkin \u015fekilde doldurur<\/li>\n<li>Metal, beton ve bir\u00e7ok y\u00fczeyde g\u00fc\u00e7l\u00fc yap\u0131\u015fma sa\u011flar<\/li>\n<li>So\u011fuk kaynak etkisi ile sa\u011flam ve kal\u0131c\u0131 onar\u0131m sunar<\/li>\n<li>Zorlu end\u00fcstriyel ko\u015fullara dayan\u0131kl\u0131d\u0131r<\/li>\n<li>Solvent i\u00e7ermez, g\u00fcvenli ve temiz uygulama imk\u00e2n\u0131 sa\u011flar<\/li>\n<li>A\u011f\u0131r sanayi ve seri \u00fcretim uygulamalar\u0131na uygundur<\/li>\n<\/ul>\n<p>404 Metalize \u00c7elik Yap\u0131\u015ft\u0131r\u0131c\u0131, end\u00fcstriyel tamir, montaj ve y\u00fczey iyile\u015ftirme i\u015flemlerinde y\u00fcksek performansl\u0131 ve uzun \u00f6m\u00fcrl\u00fc \u00e7\u00f6z\u00fcmler sunar.<\/p>\n<p><a href=\"https:\/\/emarket.404.com.tr\/products\/met-celik-500-gr\" class=\"btn-satin-al\"><br \/>\n    SATIN AL<br \/>\n    <small>(E-MARKET)<\/small><br \/>\n<\/a><\/p>","protected":false},"featured_media":851,"template":"","meta":{"_seopress_robots_primary_cat":"none","_seopress_titles_title":"","_seopress_titles_desc":"","_seopress_robots_index":""},"product_brand":[],"product_cat":[19,48],"product_tag":[],"class_list":{"0":"post-1005","1":"product","2":"type-product","3":"status-publish","4":"has-post-thumbnail","6":"product_cat-yapistirici-grubu","7":"product_cat-yapistirici-ve-sizdirmazlik-cozumleri","9":"first","10":"instock","11":"shipping-taxable","12":"product-type-simple"},"_links":{"self":[{"href":"https:\/\/404.com.tr\/en\/wp-json\/wp\/v2\/product\/1005","targetHints":{"allow":["GET"]}}],"collection":[{"href":"https:\/\/404.com.tr\/en\/wp-json\/wp\/v2\/product"}],"about":[{"href":"https:\/\/404.com.tr\/en\/wp-json\/wp\/v2\/types\/product"}],"version-history":[{"count":2,"href":"https:\/\/404.com.tr\/en\/wp-json\/wp\/v2\/product\/1005\/revisions"}],"predecessor-version":[{"id":1551,"href":"https:\/\/404.com.tr\/en\/wp-json\/wp\/v2\/product\/1005\/revisions\/1551"}],"wp:featuredmedia":[{"embeddable":true,"href":"https:\/\/404.com.tr\/en\/wp-json\/wp\/v2\/media\/851"}],"wp:attachment":[{"href":"https:\/\/404.com.tr\/en\/wp-json\/wp\/v2\/media?parent=1005"}],"wp:term":[{"taxonomy":"product_brand","embeddable":true,"href":"https:\/\/404.com.tr\/en\/wp-json\/wp\/v2\/product_brand?post=1005"},{"taxonomy":"product_cat","embeddable":true,"href":"https:\/\/404.com.tr\/en\/wp-json\/wp\/v2\/product_cat?post=1005"},{"taxonomy":"product_tag","embeddable":true,"href":"https:\/\/404.com.tr\/en\/wp-json\/wp\/v2\/product_tag?post=1005"}],"curies":[{"name":"wp","href":"https:\/\/api.w.org\/{rel}","templated":true}]}}